{"id":2,"date":"2022-02-26T00:48:27","date_gmt":"2022-02-26T00:48:27","guid":{"rendered":"https:\/\/repositorio.senrra.com\/?page_id=2"},"modified":"2024-11-11T17:39:44","modified_gmt":"2024-11-11T17:39:44","slug":"sample-page","status":"publish","type":"page","link":"https:\/\/repositorio.senrra.com\/","title":{"rendered":"Bienvenidos"},"content":{"rendered":"\n<p>El repositorio ReNyDET &#8211; Repositorio de Normativa y Documentaci\u00f3n Educativa de Tucum\u00e1n -compila y difunde informaci\u00f3n y documentaci\u00f3n educativa de Tucum\u00e1n, de manera abierta.<br><\/p>\n\n\n\n<blockquote class=\"wp-block-quote\">\n<p><strong>Esta web se encuentra en desarrollo.<\/strong><\/p>\n<\/blockquote>\n","protected":false},"excerpt":{"rendered":"<p>El repositorio ReNyDET &#8211; Repositorio de Normativa y Documentaci\u00f3n Educativa de Tucum\u00e1n -compila y difunde informaci\u00f3n y documentaci\u00f3n educativa de Tucum\u00e1n, de manera abierta. Esta web se encuentra en desarrollo.<\/p>\n","protected":false},"author":1,"featured_media":0,"parent":0,"menu_order":0,"comment_status":"closed","ping_status":"open","template":"","meta":[],"_links":{"self":[{"href":"https:\/\/repositorio.senrra.com\/index.php\/wp-json\/wp\/v2\/pages\/2"}],"collection":[{"href":"https:\/\/repositorio.senrra.com\/index.php\/wp-json\/wp\/v2\/pages"}],"about":[{"href":"https:\/\/repositorio.senrra.com\/index.php\/wp-json\/wp\/v2\/types\/page"}],"author":[{"embeddable":true,"href":"https:\/\/repositorio.senrra.com\/index.php\/wp-json\/wp\/v2\/users\/1"}],"replies":[{"embeddable":true,"href":"https:\/\/repositorio.senrra.com\/index.php\/wp-json\/wp\/v2\/comments?post=2"}],"version-history":[{"count":6,"href":"https:\/\/repositorio.senrra.com\/index.php\/wp-json\/wp\/v2\/pages\/2\/revisions"}],"predecessor-version":[{"id":16940,"href":"https:\/\/repositorio.senrra.com\/index.php\/wp-json\/wp\/v2\/pages\/2\/revisions\/16940"}],"wp:attachment":[{"href":"https:\/\/repositorio.senrra.com\/index.php\/wp-json\/wp\/v2\/media?parent=2"}],"curies":[{"name":"wp","href":"https:\/\/api.w.org\/{rel}","templated":true}]}}